{"id":61,"date":"2022-03-29T17:00:12","date_gmt":"2022-03-29T17:00:12","guid":{"rendered":"https:\/\/centralmedia1.wpengine.com\/?page_id=61"},"modified":"2022-10-26T22:06:40","modified_gmt":"2022-10-26T22:06:40","slug":"privacy","status":"publish","type":"page","link":"https:\/\/centralmedia.mx\/en\/privacy\/","title":{"rendered":"Privacy"},"content":{"rendered":"\n<h2 class=\"wp-block-heading\">relacionado con los datos personales, recabados por CENTRAL MEDIA, S.C., en adelante denominada como CENTRAL MEDIA\u00ae<\/h2>\n\n\n\n<hr class=\"wp-block-separator has-css-opacity\"\/>\n\n\n\n<p><strong>CENTRAL MEDIA, S.C.<\/strong>, en lo sucesivo el \u201cResponsable\u201d, con nombre comercial \u201cCENTRAL MEDIA\u201d, con domicilio en calle Montecito n\u00famero 38, piso 4, oficinas 13 y 14, Col. N\u00e1poles, C.P. 03810, Alcald\u00eda Benito Ju\u00e1rez, Ciudad de M\u00e9xico, M\u00e9xico.<\/p>\n\n\n\n<p>El Responsable Expide el presente Aviso de Privacidad, para que el Titular de los datos personales, de ahora en adelante denominado \u201cTitular\u201d, tenga conocimiento del trato que el Responsable les da a sus Datos Personales.<\/p>\n\n\n\n<p>La informaci\u00f3n de los titulares, o bien, los medios de comunicaci\u00f3n por los que se accede a \u00e9sta, pueden ser de manera verbal, escrita, medios electr\u00f3nicos, \u00f3ptica y de otra tecnolog\u00eda, como internet o v\u00eda telef\u00f3nica.<\/p>\n\n\n\n<h2 class=\"wp-block-heading\">Datos Personales que Recabamos.<\/h2>\n\n\n\n<p>Los Datos Personales que recaba el Responsable de los Titulares son Datos de Identificaci\u00f3n, Datos de Contacto, Datos Laborales, Datos Patrimoniales, Datos Financieros y Datos Fiscales.<\/p>\n\n\n\n<h2 class=\"wp-block-heading\">Finalidades del Tratamiento de los Datos Personales.<\/h2>\n\n\n\n<p>El Responsable trata los Datos Personales del Titular para cumplir con las siguientes Finalidades:<\/p>\n\n\n\n<p>(i) Finalidades Originarias: La Informaci\u00f3n Personal es recabada, utilizada y almacenada para procesar solicitudes que realice el Titular, respecto a productos y servicios que ofrece el Responsable, para que, eventualmente, se sometan a una relaci\u00f3n contractual; as\u00ed mismo, se utilizan para procesar solicitudes laborales; tambi\u00e9n se recaban datos personales para resolver consultas, quejas o reclamaciones, todas las finalidades anteriores son esenciales para la celebraci\u00f3n de la Relaci\u00f3n Jur\u00eddica y seguridad interna.<\/p>\n\n\n\n<p>(ii) Finalidades Secundarias: Se utilizan con fines estad\u00edsticos, ofrecer, mejorar y promover productos y servicios, as\u00ed como hacer llegar informaci\u00f3n de inter\u00e9s del Titular.<\/p>\n\n\n\n<p>El Responsable no recaba datos personales sensibles. En caso que no desee que se le d\u00e9 tratamiento de sus datos para las Finalidades Secundarias, por favor, mandar un correo electr\u00f3nico con el asunto \u201cNegativa Finalidades Secundarias\u201d al correo electr\u00f3nico&nbsp;<a href=\"mailto:info@centralmedia.com.mx\">info@centralmedia.com.mx<\/a><\/p>\n\n\n\n<h2 class=\"wp-block-heading\">Transferencia de Datos Personales.<\/h2>\n\n\n\n<p>El Responsable declara que no transferir\u00e1 ning\u00fan tipo de informaci\u00f3n del Titular a Terceros nacionales o extranjeros, en caso contrario, se le har\u00e1 del conocimiento al Titular mediante la publicaci\u00f3n de un nuevo aviso de Privacidad. Lo anterior de acuerdo con lo previsto en el art\u00edculo 36 del Reglamento de la Ley Federal de Protecci\u00f3n de Datos Personales en Posesi\u00f3n de Particulares.<\/p>\n\n\n\n<h2 class=\"wp-block-heading\">Ejercicio de Derechos ARCO.<\/h2>\n\n\n\n<p>El Titular tiene derecho, de propia persona o mediante un Representante, a solicitar, en cualquier momento, el Acceso, Rectificaci\u00f3n, Cancelaci\u00f3n u Oposici\u00f3n, respecto de los datos personales que trate el Responsable.<\/p>\n\n\n\n<p>Para lo anterior, el Titular debe enviar por correo electr\u00f3nico una Solicitud en escrito libre con los siguientes Requisitos:<\/p>\n\n\n\n<p>(i) El nombre del titular, direcci\u00f3n y correo electr\u00f3nico para comunicarle la respuesta a su solicitud.<br>(ii) Los documentos que acrediten la identidad que s\u00f3lo se aceptar\u00e1n credencial para votar, pasaporte, cartilla de servicio militar, Tarjeta Migratoria, adjunto como imagen al correo por los dos lados que sea claro y legible.<br>(iii) En caso que se haga mediante representante, tambi\u00e9n se presentar\u00e1 identificaci\u00f3n del representante y carta poder firmada por dos testigos para actuar en nombre del titular, adjuntando una imagen de la carta poder y de la identificaci\u00f3n que sean legibles y claras.<br>(iv)La relaci\u00f3n que sostuvo o sostiene con el Responsable.<br>(v) La descripci\u00f3n clara y precisa de los datos personales respecto de los que se busca ejercer alguno de los derechos de acceso, rectificaci\u00f3n, cancelaci\u00f3n u oposici\u00f3n a los mismos.<br>(vi) En su caso, las modificaciones a realizarse y aportar la documentaci\u00f3n que sustente su petici\u00f3n.<br>(vii) Que la carta est\u00e9 dirigida al Responsable y al \u00c1rea de Privacidad del Responsable.<\/p>\n\n\n\n<p>La Solicitud ser\u00e1 enviada al correo electr\u00f3nico del \u00c1rea de Datos Personales info@centralmedia.com.mx, en un horario de 8:00 am a 5:00 pm, de lunes a viernes.<\/p>\n\n\n\n<p>El Responsable comunicar\u00e1 al Titular, en un plazo de veinte d\u00edas h\u00e1biles contados desde la fecha en que se recibi\u00f3 la solicitud de acceso, rectificaci\u00f3n, cancelaci\u00f3n u oposici\u00f3n, la determinaci\u00f3n adoptada al mismo correo se\u00f1alado. El momento en que el Responsable recibe la solicitud es aquel en que haya entrado en nuestro servidor, contestando el mismo con un Acuse de Recibo.<\/p>\n\n\n\n<p>Una vez que haya sido enviada la contestaci\u00f3n en el plazo se\u00f1alado, el Responsable tendr\u00e1 15 d\u00edas h\u00e1biles para ejecutar el Acceso, Rectificaci\u00f3n, Cancelaci\u00f3n u Oposici\u00f3n de los datos personales conforme a la solicitud. La respuesta, y en su caso, env\u00edo de la informaci\u00f3n ser\u00e1 mediante correo electr\u00f3nico. En caso que as\u00ed lo decida el titular y que proceda, la informaci\u00f3n ser\u00e1 enviada al medio se\u00f1alado para dichos efectos por el titular, siempre y cuando este lo solicite y pague los justificados o justificables de env\u00edo o con el costo de reproducci\u00f3n en copias u otros formatos.<\/p>\n\n\n\n<h2 class=\"wp-block-heading\">L\u00edmite de uso o divulgaci\u00f3n de Datos Personales.<\/h2>\n\n\n\n<p>Para que el Titular ejerza su derecho de limitar el uso o divulgaci\u00f3n de los datos personales, pero con intenci\u00f3n de continuar usando de los servicios que presta el Responsable, el usuario debe de manifestarlo mediante un escrito al siguiente correo electr\u00f3nico&nbsp;<a href=\"mailto:info@centralmedia.com.mx\">info@centralmedia.com.mx<\/a>, dicho escrito debe contener lo siguiente:<\/p>\n\n\n\n<p>(i) El nombre del titular, direcci\u00f3n y correo electr\u00f3nico para comunicarle la respuesta a su solicitud.<br>(ii) Los documentos que acrediten la identidad que s\u00f3lo se aceptar\u00e1n credencial para votar, pasaporte, cartilla de servicio militar, Tarjeta Migratoria, adjunto como imagen al correo por los dos lados que sea claro y legible.<br>(iii) En caso que se haga mediante representante, tambi\u00e9n se presentar\u00e1 identificaci\u00f3n del representante y carta poder firmada por dos testigos para actuar en nombre del titular, adjuntando una imagen de la carta poder y de la identificaci\u00f3n que sean legibles y claras.<br>(iv)La relaci\u00f3n que sostuvo o sostiene con el Responsable.<br>(v) La descripci\u00f3n clara y precisa de los datos que desea limitar de su uso o divulgaci\u00f3n.<br>(vi) Que la carta est\u00e9 dirigida al Responsable y al \u00c1rea de Privacidad del Responsable.<\/p>\n\n\n\n<p>La Solicitud ser\u00e1 enviada al correo electr\u00f3nico del \u00c1rea de Datos Personales&nbsp;<a href=\"mailto:info@centralmedia.com.mx\">info@centralmedia.com.mx<\/a>&nbsp;en un horario de 8:00 am a 5:00 pm, de lunes a viernes.<\/p>\n\n\n\n<p>Todo aquel dato que haya sido limitado, se tenga registro que est\u00e9 inscrito en un Registro P\u00fablico o que se haya ejercido Oposici\u00f3n, se le dar\u00e1 el mismo trato expresado en el presente t\u00edtulo y se ingresar\u00e1 a un listado de exclusi\u00f3n del Responsable. Los datos personales que hayan sido cumplidos sus fines, pero que no puedan ser cancelados y\/o suprimidos por ministerio de ley o contractual, ser\u00e1n bloqueados de los fines a los que eran sometidos, hasta que se pueda suprimir. Durante dicho periodo, los datos personales no podr\u00e1n ser objeto de tratamiento mayor a la conservaci\u00f3n y resguardo.<\/p>\n\n\n\n<h2 class=\"wp-block-heading\">Uso de Cookies o cualquier tecnolog\u00eda para recabar informaci\u00f3n.<\/h2>\n\n\n\n<p>El titular, cuando ingresa a las p\u00e1ginas&nbsp;<a href=\"https:\/\/centralmedia.mx\" target=\"_blank\" rel=\"noreferrer noopener\">centralmedia.mx<\/a>&nbsp;y&nbsp;<a href=\"https:\/\/centralmedia.mx\" target=\"_blank\" rel=\"noreferrer noopener\">www.decadadigital.mx<\/a>&nbsp;adquiere la calidad de \u201cUsuario\u201d. En la p\u00e1gina web se utilizan cookies (las &#8220;Cookies&#8221;).<\/p>\n\n\n\n<p>Las Cookies son archivos de datos que se almacenan en el disco duro del equipo de c\u00f3mputo o del dispositivo de comunicaciones electr\u00f3nicas de un usuario al navegar en un sitio de Internet, el cual permite intercambiar informaci\u00f3n de estado entre dicho sitio y el navegador del usuario.<\/p>\n\n\n\n<p>La informaci\u00f3n de estado puede revelar autenticaci\u00f3n o preferencias del usuario, as\u00ed como cualquier dato almacenado por el navegador respecto al sitio de Internet. Las cookies no pueden utilizarse para obtener datos de su disco duro, direcci\u00f3n de correo electr\u00f3nico o cualquier otra informaci\u00f3n privada, sino \u00fanicamente para recopilar informaci\u00f3n sobre el comportamiento del usuario al visitar el sitio web.<\/p>\n\n\n\n<p>Las Cookies se utilizan con finalidades secundarias, con el fin de conocer los intereses, el comportamiento y la demograf\u00eda de quienes visitan la P\u00e1gina de Internet y de esa forma, comprender mejor sus necesidades e intereses y darles un mejor servicio o proveerle informaci\u00f3n relacionada.<\/p>\n\n\n\n<p>La instalaci\u00f3n, permanencia y existencia de las Cookies en el computador del Usuario depende de su exclusiva voluntad y puede ser eliminada de su computador cuando as\u00ed lo desee. Para tales efectos, ingresar al siguiente link: \u201cVer Uso de Cookies\u201d. Esta misma informaci\u00f3n aparece al ingreso a la p\u00e1gina de internet, en una barra de advertencia o notificaci\u00f3n sobre el Uso de Cookies.<\/p>\n\n\n\n<h2 class=\"wp-block-heading\">Modificaciones al Aviso de Privacidad.<\/h2>\n\n\n\n<p>El Responsable, as\u00ed como el Titular, reconocen que este Aviso de Privacidad es de vigencia ilimitada. Sin embargo, el Responsable procurara mantener actualizado el presente Aviso. La publicaci\u00f3n de las Modificaciones al Aviso de Privacidad ser\u00e1 generalizada para todo titular. Las Reformas al Aviso de Privacidad se podr\u00e1n hacer saber al Titular a trav\u00e9s de un aviso en la P\u00e1gina del Responsable, correo electr\u00f3nico, de forma telef\u00f3nica o por escrito.<\/p>\n\n\n\n<h2 class=\"wp-block-heading\">Consentimiento.<\/h2>\n\n\n\n<p>En raz\u00f3n que los datos se recaban directamente del Titular, que el presente Aviso de Privacidad se ha puesto a disposici\u00f3n del titular, previo al uso de sus Datos y que ninguno de los datos que trata el Responsable, son sensibles, patrimoniales o financieros, no ser\u00e1 necesario que el Titular manifieste su consentimiento de forma expresa, por lo que el Titular consiente el presente Aviso de Privacidad de conformidad con la Ley de Protecci\u00f3n de Datos Personales en Posesi\u00f3n de los Particulares no oponi\u00e9ndose al mismo.<\/p>\n\n\n\n<h2 class=\"wp-block-heading\">Revocaci\u00f3n del consentimiento.<\/h2>\n\n\n\n<p>El titular podr\u00e1 revocar, en cualquier momento, su consentimiento con el presente Aviso de Privacidad y con el Tratamiento a sus Datos Personales.<\/p>\n\n\n\n<p>Para revocar el consentimiento el Titular debe de enviar una Solicitud al correo electr\u00f3nico&nbsp;<a href=\"mailto:info@centralmedia.com.mx\">info@centralmedia.com.mx&nbsp;<\/a>la cual, debe ser por escrito con los siguientes requisitos:<\/p>\n\n\n\n<p>(i) Los documentos que acrediten la identidad que s\u00f3lo se aceptar\u00e1n credencial para votar, pasaporte, cartilla de servicio militar, Tarjeta Migratoria, adjunto como imagen al correo por los dos lados que sea claro y legible.<br>(ii) En caso que se haga mediante representante, tambi\u00e9n se presentar\u00e1 identificaci\u00f3n del representante y carta poder firmada por dos testigos para actuar en nombre del titular, adjuntando una imagen de la carta poder y de la identificaci\u00f3n que sean legibles y claras.<br>(iii) La relaci\u00f3n que sostuvo o sostiene con el Responsable.<br>(iv) Que la carta est\u00e9 dirigida al Responsable y al \u00c1rea de Privacidad del Responsable.<\/p>\n\n\n\n<p>El Responsable emitir\u00e1 una respuesta en la cual confirmar\u00e1 la revocaci\u00f3n del consentimiento, o en su caso, se\u00f1alar\u00e1 el razonamiento dependiendo del caso en concreto, contando el Responsable con 15 d\u00edas para emitir esta respuesta.<\/p>\n\n\n\n<p>Los plazos ser\u00e1n contados a partir del momento en que el correo entra a nuestro servidor, emitiendo el Responsable el respectivo Acuse de Recibido de Solicitud.<\/p>\n\n\n\n<p>La Solicitud no ser\u00e1 v\u00e1lida ante la omisi\u00f3n de lo se\u00f1alado anteriormente.<\/p>\n\n\n\n<h2 class=\"wp-block-heading\">\u00c1rea Interna de Privacidad.<\/h2>\n\n\n\n<p>El titular, podr\u00e1 ejercer sus derechos y realizar las consultas se\u00f1aladas en el presente documento, as\u00ed como en la ley, a trav\u00e9s del \u00e1rea de Privacidad del Responsable a la cual se le deben de dirigir las Solicitudes se\u00f1aladas en el presente documento y en la Ley. El Usuario tendr\u00e1 que utilizar el multireferido correo electr\u00f3nico info@centralmedia.com.mx para contactar el \u00e1rea de Privacidad.<\/p>\n\n\n\n<h2 class=\"wp-block-heading\">Autoridad Protectora de Datos Personales.<\/h2>\n\n\n\n<p>Para cualquier duda o informaci\u00f3n adicional, as\u00ed como ejercer distintos tipos de derechos y procedimientos adem\u00e1s de los se\u00f1alados en el presente, el Usuario puede contactar al Instituto Nacional de Transparencia, Acceso a la Informaci\u00f3n y Protecci\u00f3n de Datos Personales \u201cINAI\u201d al Tel\u00e9fono 01800-835-4324 (lada sin costo) por la p\u00e1gina de internet&nbsp;<a href=\"https:\/\/www.ifai.org.mx\" target=\"_blank\" rel=\"noreferrer noopener\">www.ifai.org.mx<\/a><\/p>\n\n\n\n<p>Fecha de \u00faltima actualizaci\u00f3n Marzo de 2021<\/p>\n","protected":false},"excerpt":{"rendered":"<p>relacionado con los datos personales, recabados por CENTRAL MEDIA, S.C., en adelante denominada como CENTRAL MEDIA\u00ae CENTRAL MEDIA, S.C., en lo sucesivo el \u201cResponsable\u201d, con nombre comercial \u201cCENTRAL MEDIA\u201d, con domicilio en calle Montecito n\u00famero 38, piso 4, oficinas 13 y 14, Col. N\u00e1poles, C.P. 03810, Alcald\u00eda Benito Ju\u00e1rez, Ciudad de M\u00e9xico, M\u00e9xico. El Responsable [&hellip;]<\/p>\n","protected":false},"author":1,"featured_media":0,"parent":0,"menu_order":0,"comment_status":"closed","ping_status":"open","template":"legals.php","meta":{"inline_featured_image":false,"footnotes":""},"class_list":["post-61","page","type-page","status-publish","hentry"],"acf":[],"yoast_head":"<!-- This site is optimized with the Yoast SEO plugin v21.7 - https:\/\/yoast.com\/wordpress\/plugins\/seo\/ -->\n<title>Privacy notice - Central Media<\/title>\n<meta name=\"description\" content=\"We invite you to enter our site and read our Privacy notice. Central Media, S.C.\" \/>\n<meta name=\"robots\" content=\"index, follow, max-snippet:-1, max-image-preview:large, max-video-preview:-1\" \/>\n<link rel=\"canonical\" href=\"https:\/\/centralmedia.mx\/en\/privacy\/\" \/>\n<meta property=\"og:locale\" content=\"en_US\" \/>\n<meta property=\"og:type\" content=\"article\" \/>\n<meta property=\"og:title\" content=\"Privacy notice - Central Media\" \/>\n<meta property=\"og:description\" content=\"We invite you to enter our site and read our Privacy notice. Central Media, S.C.\" \/>\n<meta property=\"og:url\" content=\"https:\/\/centralmedia.mx\/en\/privacy\/\" \/>\n<meta property=\"og:site_name\" content=\"Central Media\" \/>\n<meta property=\"article:modified_time\" content=\"2022-10-26T22:06:40+00:00\" \/>\n<meta name=\"twitter:card\" content=\"summary_large_image\" \/>\n<meta name=\"twitter:label1\" content=\"Est. reading time\" \/>\n\t<meta name=\"twitter:data1\" content=\"9 minutes\" \/>\n<script type=\"application\/ld+json\" class=\"yoast-schema-graph\">{\"@context\":\"https:\/\/schema.org\",\"@graph\":[{\"@type\":\"WebPage\",\"@id\":\"https:\/\/centralmedia.mx\/en\/privacy\/\",\"url\":\"https:\/\/centralmedia.mx\/en\/privacy\/\",\"name\":\"Privacy notice - Central Media\",\"isPartOf\":{\"@id\":\"https:\/\/centralmedia.mx\/en\/#website\"},\"datePublished\":\"2022-03-29T17:00:12+00:00\",\"dateModified\":\"2022-10-26T22:06:40+00:00\",\"description\":\"We invite you to enter our site and read our Privacy notice. Central Media, S.C.\",\"breadcrumb\":{\"@id\":\"https:\/\/centralmedia.mx\/en\/privacy\/#breadcrumb\"},\"inLanguage\":\"en-US\",\"potentialAction\":[{\"@type\":\"ReadAction\",\"target\":[\"https:\/\/centralmedia.mx\/en\/privacy\/\"]}]},{\"@type\":\"BreadcrumbList\",\"@id\":\"https:\/\/centralmedia.mx\/en\/privacy\/#breadcrumb\",\"itemListElement\":[{\"@type\":\"ListItem\",\"position\":1,\"name\":\"Portada\",\"item\":\"https:\/\/centralmedia.mx\/en\/\"},{\"@type\":\"ListItem\",\"position\":2,\"name\":\"Privacy\"}]},{\"@type\":\"WebSite\",\"@id\":\"https:\/\/centralmedia.mx\/en\/#website\",\"url\":\"https:\/\/centralmedia.mx\/en\/\",\"name\":\"Central Media\",\"description\":\"Agencia digital\",\"publisher\":{\"@id\":\"https:\/\/centralmedia.mx\/en\/#organization\"},\"potentialAction\":[{\"@type\":\"SearchAction\",\"target\":{\"@type\":\"EntryPoint\",\"urlTemplate\":\"https:\/\/centralmedia.mx\/en\/?s={search_term_string}\"},\"query-input\":\"required name=search_term_string\"}],\"inLanguage\":\"en-US\"},{\"@type\":\"Organization\",\"@id\":\"https:\/\/centralmedia.mx\/en\/#organization\",\"name\":\"Central Media\",\"url\":\"https:\/\/centralmedia.mx\/en\/\",\"logo\":{\"@type\":\"ImageObject\",\"inLanguage\":\"en-US\",\"@id\":\"https:\/\/centralmedia.mx\/en\/#\/schema\/logo\/image\/\",\"url\":\"https:\/\/centralmedia.mx\/wp-content\/uploads\/2022\/04\/logoblanco@2x.webp\",\"contentUrl\":\"https:\/\/centralmedia.mx\/wp-content\/uploads\/2022\/04\/logoblanco@2x.webp\",\"width\":622,\"height\":146,\"caption\":\"Central Media\"},\"image\":{\"@id\":\"https:\/\/centralmedia.mx\/en\/#\/schema\/logo\/image\/\"}}]}<\/script>\n<!-- \/ Yoast SEO plugin. -->","yoast_head_json":{"title":"Privacy notice - Central Media","description":"We invite you to enter our site and read our Privacy notice. Central Media, S.C.","robots":{"index":"index","follow":"follow","max-snippet":"max-snippet:-1","max-image-preview":"max-image-preview:large","max-video-preview":"max-video-preview:-1"},"canonical":"https:\/\/centralmedia.mx\/en\/privacy\/","og_locale":"en_US","og_type":"article","og_title":"Privacy notice - Central Media","og_description":"We invite you to enter our site and read our Privacy notice. Central Media, S.C.","og_url":"https:\/\/centralmedia.mx\/en\/privacy\/","og_site_name":"Central Media","article_modified_time":"2022-10-26T22:06:40+00:00","twitter_card":"summary_large_image","twitter_misc":{"Est. reading time":"9 minutes"},"schema":{"@context":"https:\/\/schema.org","@graph":[{"@type":"WebPage","@id":"https:\/\/centralmedia.mx\/en\/privacy\/","url":"https:\/\/centralmedia.mx\/en\/privacy\/","name":"Privacy notice - Central Media","isPartOf":{"@id":"https:\/\/centralmedia.mx\/en\/#website"},"datePublished":"2022-03-29T17:00:12+00:00","dateModified":"2022-10-26T22:06:40+00:00","description":"We invite you to enter our site and read our Privacy notice. Central Media, S.C.","breadcrumb":{"@id":"https:\/\/centralmedia.mx\/en\/privacy\/#breadcrumb"},"inLanguage":"en-US","potentialAction":[{"@type":"ReadAction","target":["https:\/\/centralmedia.mx\/en\/privacy\/"]}]},{"@type":"BreadcrumbList","@id":"https:\/\/centralmedia.mx\/en\/privacy\/#breadcrumb","itemListElement":[{"@type":"ListItem","position":1,"name":"Portada","item":"https:\/\/centralmedia.mx\/en\/"},{"@type":"ListItem","position":2,"name":"Privacy"}]},{"@type":"WebSite","@id":"https:\/\/centralmedia.mx\/en\/#website","url":"https:\/\/centralmedia.mx\/en\/","name":"Central Media","description":"Agencia digital","publisher":{"@id":"https:\/\/centralmedia.mx\/en\/#organization"},"potentialAction":[{"@type":"SearchAction","target":{"@type":"EntryPoint","urlTemplate":"https:\/\/centralmedia.mx\/en\/?s={search_term_string}"},"query-input":"required name=search_term_string"}],"inLanguage":"en-US"},{"@type":"Organization","@id":"https:\/\/centralmedia.mx\/en\/#organization","name":"Central Media","url":"https:\/\/centralmedia.mx\/en\/","logo":{"@type":"ImageObject","inLanguage":"en-US","@id":"https:\/\/centralmedia.mx\/en\/#\/schema\/logo\/image\/","url":"https:\/\/centralmedia.mx\/wp-content\/uploads\/2022\/04\/logoblanco@2x.webp","contentUrl":"https:\/\/centralmedia.mx\/wp-content\/uploads\/2022\/04\/logoblanco@2x.webp","width":622,"height":146,"caption":"Central Media"},"image":{"@id":"https:\/\/centralmedia.mx\/en\/#\/schema\/logo\/image\/"}}]}},"featured_image_src":null,"featured_image_src_square":null,"_links":{"self":[{"href":"https:\/\/centralmedia.mx\/en\/wp-json\/wp\/v2\/pages\/61","targetHints":{"allow":["GET"]}}],"collection":[{"href":"https:\/\/centralmedia.mx\/en\/wp-json\/wp\/v2\/pages"}],"about":[{"href":"https:\/\/centralmedia.mx\/en\/wp-json\/wp\/v2\/types\/page"}],"author":[{"embeddable":true,"href":"https:\/\/centralmedia.mx\/en\/wp-json\/wp\/v2\/users\/1"}],"replies":[{"embeddable":true,"href":"https:\/\/centralmedia.mx\/en\/wp-json\/wp\/v2\/comments?post=61"}],"version-history":[{"count":0,"href":"https:\/\/centralmedia.mx\/en\/wp-json\/wp\/v2\/pages\/61\/revisions"}],"wp:attachment":[{"href":"https:\/\/centralmedia.mx\/en\/wp-json\/wp\/v2\/media?parent=61"}],"curies":[{"name":"wp","href":"https:\/\/api.w.org\/{rel}","templated":true}]}}